{"id":185,"date":"2010-07-12T15:28:32","date_gmt":"2010-07-12T14:28:32","guid":{"rendered":"http:\/\/127.0.0.1\/?page_id=185"},"modified":"2026-02-10T19:10:15","modified_gmt":"2026-02-10T18:10:15","slug":"equipe-d4","status":"publish","type":"page","link":"https:\/\/astt.eu.org\/?page_id=185","title":{"rendered":"S\u00e9niors  D4 &#8212;>  ST SYLVAIN 4"},"content":{"rendered":"<p style=\"text-align: center;\"><form>\n<p style=\"text-align: center;\"><select name=\"menu2\" onchange=\"document.location.href=this.options[this.selectedIndex].value;\"><option selected=\"selected\" value=\"\">voir une autre \u00e9quipe<\/option><option value=\"?page_id=329\">Jeunes ST SYLVAIN 1<\/option><option value=\"?page_id=331\">Jeunes ST SYLVAIN 2<\/option><option value=\"?page_id=176\">D2 \u00a0 \u00a0 ST SYLVAIN 1<\/option><option value=\"?page_id=182\">D2 \u00a0 \u00a0 ST SYLVAIN 2<\/option><option value=\"?page_id=180\">D4 \u00a0 \u00a0 ST SYLVAIN 3<\/option><option value=\"?page_id=185\">D4 \u00a0 \u00a0 ST SYLVAIN 4<\/option><option value=\"?page_id=23033\">D4 \u00a0 \u00a0 ST SYLVAIN 5<\/option><option value=\"?page_id=1174\">Coupe du comit\u00e9  ST SYLVAIN 1<\/option><option value=\"?page_id=5179\">Coupe3 ST SYLVAIN 1<\/option><option value=\"?page_id=8520\">Coupe4 ST SYLVAIN 2<\/option><\/select><\/p>\n<\/form>\n<\/p>\n<p><img decoding=\"async\" class=\"wp-image-23488 aligncenter\" src=\"https:\/\/astt.eu.org\/wp-content\/uploads\/2025\/10\/d4-Elina.jpg\" alt=\"\" width=\"40%\" height=\"40%\" srcset=\"https:\/\/astt.eu.org\/wp-content\/uploads\/2025\/10\/d4-Elina.jpg 1113w, https:\/\/astt.eu.org\/wp-content\/uploads\/2025\/10\/d4-Elina-300x275.jpg 300w, https:\/\/astt.eu.org\/wp-content\/uploads\/2025\/10\/d4-Elina-655x600.jpg 655w, https:\/\/astt.eu.org\/wp-content\/uploads\/2025\/10\/d4-Elina-768x704.jpg 768w\" sizes=\"(max-width: 1113px) 100vw, 1113px\" \/><\/p>\n<div style=\"width: 100%; background-color: #a7c3eb;\">\n<p>\u00a0<span style=\"font-size: 12px; font-family: verdana,geneva,sans-serif;\"><span style=\"color: #ff0000;\"><strong><span style=\"background-color: #0000ff; color: #ffffff; font-size: 12pt;\">ST SYLVAIN 4 <\/span>\u00a0 \u00a0 \u00a0 \u00a0 \u00a0 \u00a0 \u00a0\u00a0<span style=\"color: #006400;\"><span style=\"font-size: 10pt;\"><a href=\"https:\/\/astt.eu.org\/wp-content\/uploads\/2025\/09\/Planning-D4-Senior-phase-1-25-26.pdf\"><span style=\"background-color: #ffff00;\">Planning joueurs\u00a0<\/span><\/a><\/span><\/span><\/strong><\/span><\/span><\/p>\n<table style=\"border-collapse: collapse; width: 100%; height: 188px;\">\n<tbody>\n<tr style=\"height: 165px;\">\n<td style=\"width: 14%; text-align: center; vertical-align: middle; border-style: none; height: 165px;\"><img decoding=\"async\" class=\"size-full wp-image-20331 alignleft\" src=\"https:\/\/astt.eu.org\/wp-content\/uploads\/2021\/12\/L-Elina-21.jpg\" alt=\"\" width=\"80%\" height=\"80%\" srcset=\"https:\/\/astt.eu.org\/wp-content\/uploads\/2021\/12\/L-Elina-21.jpg 210w, https:\/\/astt.eu.org\/wp-content\/uploads\/2021\/12\/L-Elina-21-120x120.jpg 120w\" sizes=\"(max-width: 210px) 100vw, 210px\" \/><\/td>\n<td style=\"width: 14%; height: 165px; text-align: center; vertical-align: middle; border-style: none;\"><img decoding=\"async\" class=\"size-full wp-image-22620 alignleft\" src=\"https:\/\/astt.eu.org\/wp-content\/uploads\/2024\/09\/2024-M-Nathanael.jpg\" alt=\"\" width=\"80%\" height=\"80%\" srcset=\"https:\/\/astt.eu.org\/wp-content\/uploads\/2024\/09\/2024-M-Nathanael.jpg 210w, https:\/\/astt.eu.org\/wp-content\/uploads\/2024\/09\/2024-M-Nathanael-120x120.jpg 120w\" sizes=\"(max-width: 210px) 100vw, 210px\" \/><\/td>\n<td style=\"width: 14%; text-align: center; vertical-align: middle; border-style: none; height: 165px;\"><img decoding=\"async\" class=\"size-full wp-image-22613 alignleft\" src=\"https:\/\/astt.eu.org\/wp-content\/uploads\/2024\/09\/2024-A-Stephane-1.jpg\" alt=\"\" width=\"80%\" height=\"80%\" srcset=\"https:\/\/astt.eu.org\/wp-content\/uploads\/2024\/09\/2024-A-Stephane-1.jpg 210w, https:\/\/astt.eu.org\/wp-content\/uploads\/2024\/09\/2024-A-Stephane-1-120x120.jpg 120w\" sizes=\"(max-width: 210px) 100vw, 210px\" \/><\/td>\n<td style=\"width: 14%; text-align: center; vertical-align: middle; border-style: none; height: 165px;\"><img decoding=\"async\" class=\"size-full wp-image-22612 alignleft\" src=\"https:\/\/astt.eu.org\/wp-content\/uploads\/2024\/09\/2024-S-Olivier-1.jpg\" alt=\"\" width=\"80%\" height=\"80%\" srcset=\"https:\/\/astt.eu.org\/wp-content\/uploads\/2024\/09\/2024-S-Olivier-1.jpg 210w, https:\/\/astt.eu.org\/wp-content\/uploads\/2024\/09\/2024-S-Olivier-1-120x120.jpg 120w\" sizes=\"(max-width: 210px) 100vw, 210px\" \/><\/td>\n<td style=\"width: 14%; text-align: center; vertical-align: middle; border-style: none; height: 165px;\"><img decoding=\"async\" class=\"size-full wp-image-22655 alignleft\" src=\"https:\/\/astt.eu.org\/wp-content\/uploads\/2024\/09\/2024-G-Florentin.jpg\" alt=\"\" width=\"80%\" height=\"80%\" srcset=\"https:\/\/astt.eu.org\/wp-content\/uploads\/2024\/09\/2024-G-Florentin.jpg 210w, https:\/\/astt.eu.org\/wp-content\/uploads\/2024\/09\/2024-G-Florentin-120x120.jpg 120w\" sizes=\"(max-width: 210px) 100vw, 210px\" \/><\/td>\n<td style=\"width: 14%; text-align: center; vertical-align: middle; border-style: none; height: 165px;\"><img decoding=\"async\" class=\"size-full wp-image-22618 alignleft\" src=\"https:\/\/astt.eu.org\/wp-content\/uploads\/2024\/09\/2024-R-Pierre.jpg\" alt=\"\" width=\"80%\" height=\"80%\" srcset=\"https:\/\/astt.eu.org\/wp-content\/uploads\/2024\/09\/2024-R-Pierre.jpg 210w, https:\/\/astt.eu.org\/wp-content\/uploads\/2024\/09\/2024-R-Pierre-120x120.jpg 120w\" sizes=\"(max-width: 210px) 100vw, 210px\" \/><\/td>\n<td style=\"width: 14%; text-align: center; vertical-align: middle; border-style: none; height: 165px;\"><img decoding=\"async\" class=\"size-full wp-image-23552 alignleft\" src=\"https:\/\/astt.eu.org\/wp-content\/uploads\/2025\/11\/G-Thomas.jpg\" alt=\"\" width=\"80%\" height=\"80%\" srcset=\"https:\/\/astt.eu.org\/wp-content\/uploads\/2025\/11\/G-Thomas.jpg 210w, https:\/\/astt.eu.org\/wp-content\/uploads\/2025\/11\/G-Thomas-120x120.jpg 120w\" sizes=\"(max-width: 210px) 100vw, 210px\" \/><\/td>\n<\/tr>\n<tr style=\"height: 23px;\">\n<td style=\"width: 14%; text-align: center; vertical-align: middle; border-style: none; height: 23px;\">\n<p><strong><span style=\"font-size: 10pt; font-family: verdana, geneva, sans-serif; color: #0000ff;\">\u00c9lina <\/span><\/strong><strong><span style=\"font-size: 10pt; font-family: verdana, geneva, sans-serif; color: #0000ff;\">(capitaine)<\/span><\/strong><\/p>\n<\/td>\n<td style=\"width: 14%; text-align: center; vertical-align: middle; border-style: none; height: 23px;\"><strong><span style=\"font-size: 10pt; font-family: verdana, geneva, sans-serif; color: #0000ff;\">Nathana\u00ebl<\/span><\/strong><\/td>\n<td style=\"width: 14%; text-align: center; vertical-align: middle; border-style: none; height: 23px;\"><strong><span style=\"font-size: 10pt; font-family: verdana, geneva, sans-serif; color: #0000ff;\"><span style=\"font-family: verdana, geneva, sans-serif;\">St\u00e9phane<\/span><\/span><\/strong><\/td>\n<td style=\"width: 14%; text-align: center; vertical-align: middle; border-style: none; height: 23px;\"><strong><span style=\"font-size: 10pt; color: #0000ff;\"><span style=\"font-family: verdana, geneva, sans-serif;\">Olivier<\/span><\/span><\/strong><\/td>\n<td style=\"width: 14%; text-align: center; vertical-align: middle; border-style: none; height: 23px;\"><strong><span style=\"font-size: 10pt; color: #0000ff;\"><span style=\"font-family: verdana, geneva, sans-serif;\">Florentin<\/span><\/span><\/strong><\/td>\n<td style=\"width: 14%; text-align: center; vertical-align: middle; border-style: none; height: 23px;\"><strong><span style=\"font-size: 10pt; color: #0000ff;\"><span style=\"font-family: verdana, geneva, sans-serif;\">Pierre<\/span><\/span><\/strong><\/td>\n<td style=\"width: 14%; text-align: center; vertical-align: middle; border-style: none; height: 23px;\"><strong><span style=\"font-size: 10pt; color: #0000ff;\"><span style=\"font-family: verdana, geneva, sans-serif;\">Thomas<\/span><\/span><\/strong><\/td>\n<\/tr>\n<\/tbody>\n<\/table>\n<\/div>\n<p style=\"text-align: center;\">\u00a0<iframe loading=\"lazy\" src=\"https:\/\/www.pingpocket.fr\/?page=app\/fftt\/clubs\/12490033\/equipes\/4\/championnats\/masculin%3Fphase%3D2#redirection\" width=\"100%\" height=\"1450\" frameborder=\"0\" scrolling=\"no\"><\/iframe><\/p>\n","protected":false},"excerpt":{"rendered":"<p>\u00a0ST SYLVAIN 4 \u00a0 \u00a0 \u00a0 \u00a0 \u00a0 \u00a0 \u00a0\u00a0Planning joueurs\u00a0 \u00c9lina (capitaine) Nathana\u00ebl St\u00e9phane Olivier Florentin Pierre Thomas \u00a0<\/p>\n","protected":false},"author":1,"featured_media":0,"parent":3048,"menu_order":10,"comment_status":"closed","ping_status":"closed","template":"","meta":{"footnotes":""},"class_list":["post-185","page","type-page","status-publish","hentry"],"_links":{"self":[{"href":"https:\/\/astt.eu.org\/index.php?rest_route=\/wp\/v2\/pages\/185","targetHints":{"allow":["GET"]}}],"collection":[{"href":"https:\/\/astt.eu.org\/index.php?rest_route=\/wp\/v2\/pages"}],"about":[{"href":"https:\/\/astt.eu.org\/index.php?rest_route=\/wp\/v2\/types\/page"}],"author":[{"embeddable":true,"href":"https:\/\/astt.eu.org\/index.php?rest_route=\/wp\/v2\/users\/1"}],"replies":[{"embeddable":true,"href":"https:\/\/astt.eu.org\/index.php?rest_route=%2Fwp%2Fv2%2Fcomments&post=185"}],"version-history":[{"count":4,"href":"https:\/\/astt.eu.org\/index.php?rest_route=\/wp\/v2\/pages\/185\/revisions"}],"predecessor-version":[{"id":23616,"href":"https:\/\/astt.eu.org\/index.php?rest_route=\/wp\/v2\/pages\/185\/revisions\/23616"}],"up":[{"embeddable":true,"href":"https:\/\/astt.eu.org\/index.php?rest_route=\/wp\/v2\/pages\/3048"}],"wp:attachment":[{"href":"https:\/\/astt.eu.org\/index.php?rest_route=%2Fwp%2Fv2%2Fmedia&parent=185"}],"curies":[{"name":"wp","href":"https:\/\/api.w.org\/{rel}","templated":true}]}}